{"id":2011,"date":"2023-03-04T22:14:37","date_gmt":"2023-03-04T21:14:37","guid":{"rendered":"https:\/\/krainawetlina.pl\/?page_id=2011"},"modified":"2023-03-05T23:25:44","modified_gmt":"2023-03-05T22:25:44","slug":"voucher","status":"publish","type":"page","link":"https:\/\/krainawetlina.pl\/pl\/voucher\/","title":{"rendered":"VOUCHER PREZENTOWY"},"content":{"rendered":"<p><section   class=\"fw-main-row-custom fw-main-row-top  fw_theme_bg_fw-custom fw-section-image fw-section-height-sm  fw-section-position-back tf-sh-36bc16d4c2afc16a50f1942c6855484a\"  style=\" background-image:url(https:\/\/krainawetlina.pl\/wp-content\/uploads\/2023\/03\/KW_v.jpg); background-repeat: no-repeat; background-position: center center; background-size: cover;\"  >\n\t\t\t<div class=\"fw-container-fluid\" >\n\t\t<div class=\"fw-row\">\n\t<div id=\"column-69f350c51a627\" class=\"fw-col-sm-12 tf-sh-a3cf1812911b77b704e6492c16c3f8a5\" >\n\t<div class=\"fw-wrap-col-inner clearfix  \"   >\n\t\t\t\t<div class=\"fw-col-inner\">\n\t\t\t\t\t<\/div>\n\t<\/div>\n<\/div><\/div>\n\n\t<\/div>\n\t<\/section><section   class=\"fw-main-row-custom  auto  fw-section-position-back tf-sh-5b37cb3871219e456273911b303f6c7e\"  style=\" background-color:#ebebeb;\"  >\n\t\t\t<div class=\"fw-container\" >\n\t\t<div class=\"fw-row\">\n\t<div id=\"column-69f350c51ae38\" class=\"fw-col-sm-8 tf-sh-2a17b8a46835c6ab50f971b104fd73cc\" >\n\t<div class=\"fw-wrap-col-inner clearfix  \"   >\n\t\t\t\t<div class=\"fw-col-inner\">\n\t\t\t<div class=\"fw-heading fw-heading-left  fw-heading-with-subtitle tf-sh-0d227c20e39eb7c9234806394ef5fc68\" >\n\t\t\t<h2 class=\"fw-special-title\">Voucher prezentowy<\/h2>\n\t\n\t\n\t\t\t<div class=\"fw-special-subtitle\">Wyj\u0105tkowy prezent dla bliskiej Ci osoby<\/div>\n\t<\/div><div class=\"fw-divider-space space-sm  clearfix\"  ><\/div><div class=\"fw-text-box tf-sh-c74e7005c7c07ef8936675c33d55b424 \" >\n\t<div class=\"fw-text-inner\">\n\t\t<p><strong>Zr\u00f3b wspania\u0142y prezent i przeka\u017c voucher na pobyt w Krainie Wetlina w Bieszczadach!<\/strong><\/p>\n<p>Naszym zdaniem najpi\u0119kniejsze prezenty to te, kt\u00f3re przek\u0142adaj\u0105 si\u0119 na wyj\u0105tkowe, niezapomniane i pi\u0119kne do\u015bwiadczenia.<\/p>\n<p>Szukasz nietypowego prezentu na urodziny, chcesz zaskoczy\u0107 prezentem \u015blubnym par\u0119 m\u0142od\u0105, a mo\u017ce szukasz wyj\u0105tkowego pomys\u0142u na prezent z okazji rocznicy? Ka\u017cdy pow\u00f3d jest dobry, by podarowa\u0107 komfortowy wypoczynek w Krainie Wetlina i przy okazji obdarowa\u0107 swoich bliskich niepowtarzalnymi wspomnieniami z pobytu w Bieszczadach!<\/p>\n<p>Wype\u0142nij formularz znajduj\u0105cy si\u0119 po prawej stronie, wska\u017c imi\u0119 i nazwisko obdarowanego oraz wybierz kwot\u0119, na jak\u0105 mamy wystawi\u0107 bon. Nie zapomnij tak\u017ce wskaza\u0107 czy chcesz otrzyma\u0107 faktur\u0119 do zam\u00f3wienia.<\/p>\n<p>Otrzymasz od nas mail z podsumowaniem zam\u00f3wienia i danymi do przelewu wybranej kwoty<br \/>a po otrzymaniu p\u0142atno\u015bci od razu wy\u015blemy plik z voucherem do samodzielnego wydrukowania i instrukcj\u0105 wykorzystania na podany przez Ciebie adres e-mail.<\/p>\n<p>Voucher jest wa\u017cny przez rok od daty zakupu i mo\u017ce by\u0107 wykorzystany na pobyt w dowolnym apartamencie i domku w Krainie Wetlina w wybranym, wolnym terminie w tym czasie. Voucher mo\u017cna wykorzysta\u0107 wy\u0142\u0105cznie przy rezerwacji bezpo\u015bredniej.<\/p>\n<p>Voucher kwotowy nie podlega wymianie na got\u00f3wk\u0119. W przypadku cz\u0119\u015bciowego wykorzystania warto\u015bci vouchera, pozosta\u0142a kwota nie podlega zwrotowi. Voucher musi by\u0107 zrealizowany podczas jednej wizyty w Krainie Wetlina.<\/p>\n\t<\/div>\n<\/div><div class=\"fw-divider-space space-sm  clearfix\"  ><\/div><div class=\"text-left\">\t<a href=\"https:\/\/krainawetlina.pl\/regulamin\" target=\"_blank\" class=\"fw-btn tf-sh-22140daf605955534ae5f0519f2aef17  fw-btn-md   fw-btn-1\"  style=\"\">\n\t\t<span >\n\t\t\tSzczeg\u00f3\u0142owe warunki zakupu i rezerwacji dost\u0119pne s\u0105 w REGULAMINIE\t\t<\/span>\n\t<\/a>\n<\/div>\t\t<\/div>\n\t<\/div>\n<\/div><div id=\"column-69f350c51b70f\" class=\"fw-col-sm-4 tf-sh-db378a93eb57b304faf7b3b9fc7d90e5\" >\n\t<div class=\"fw-wrap-col-inner clearfix  \"   >\n\t\t\t\t<div class=\"fw-col-inner\">\n\t\t\t<div class=\"fw-text-box tf-sh-1a81484e3c2423e738c679d3e79b77c4 \" >\n\t<div class=\"fw-text-inner\">\n\t\t<p><div class=\"wpforms-container wpforms-container-full\" id=\"wpforms-1942\"><form id=\"wpforms-form-1942\" class=\"wpforms-validate wpforms-form\" data-formid=\"1942\" method=\"post\" enctype=\"multipart\/form-data\" action=\"\/pl\/wp-json\/wp\/v2\/pages\/2011\" data-token=\"f8bd35f8b6b21171d3849323090750ae\" data-token-time=\"1777553605\"><noscript class=\"wpforms-error-noscript\">Aby wype\u0142ni\u0107 ten formularz, w\u0142\u0105cz obs\u0142ug\u0119 JavaScript w przegl\u0105darce.<\/noscript><div class=\"wpforms-field-container\"><div id=\"wpforms-1942-field_11-container\" class=\"wpforms-field wpforms-field-name\" data-field-id=\"11\"><label class=\"wpforms-field-label\" for=\"wpforms-1942-field_11\">Twoje imi\u0119 i nazwisko <span class=\"wpforms-required-label\">*<\/span><\/label><input type=\"text\" id=\"wpforms-1942-field_11\" class=\"wpforms-field-large wpforms-field-required\" name=\"wpforms[fields][11]\" required><\/div><div id=\"wpforms-1942-field_7-container\" class=\"wpforms-field wpforms-field-email\" data-field-id=\"7\"><label class=\"wpforms-field-label\" for=\"wpforms-1942-field_7\">Email <span class=\"wpforms-required-label\">*<\/span><\/label><input type=\"email\" id=\"wpforms-1942-field_7\" class=\"wpforms-field-large wpforms-field-required\" name=\"wpforms[fields][7]\" spellcheck=\"false\" required><\/div><div id=\"wpforms-1942-field_6-container\" class=\"wpforms-field wpforms-field-name\" data-field-id=\"6\"><label class=\"wpforms-field-label\" for=\"wpforms-1942-field_6\">Imi\u0119 osoby obdarowanej <span class=\"wpforms-required-label\">*<\/span><\/label><input type=\"text\" id=\"wpforms-1942-field_6\" class=\"wpforms-field-large wpforms-field-required\" name=\"wpforms[fields][6]\" required><\/div><div id=\"wpforms-1942-field_9-container\" class=\"wpforms-field wpforms-field-text\" data-field-id=\"9\"><label class=\"wpforms-field-label\" for=\"wpforms-1942-field_9\">Kwota vouchera <span class=\"wpforms-required-label\">*<\/span><\/label><input type=\"text\" id=\"wpforms-1942-field_9\" class=\"wpforms-field-small wpforms-field-required\" name=\"wpforms[fields][9]\" required><\/div><div id=\"wpforms-1942-field_14-container\" class=\"wpforms-field wpforms-field-radio wpforms-list-inline\" data-field-id=\"14\"><label class=\"wpforms-field-label wpforms-label-hide\"> faktura<\/label><ul id=\"wpforms-1942-field_14\"><li class=\"choice-1 depth-1\"><input type=\"radio\" id=\"wpforms-1942-field_14_1\" name=\"wpforms[fields][14]\" value=\"Chc\u0119 otrzyma\u0107 faktur\u0119 do zam\u00f3wienia\"  ><label class=\"wpforms-field-label-inline\" for=\"wpforms-1942-field_14_1\">Chc\u0119 otrzyma\u0107 faktur\u0119 do zam\u00f3wienia<\/label><\/li><\/ul><\/div><div id=\"wpforms-1942-field_16-container\" class=\"wpforms-field wpforms-field-textarea\" data-field-id=\"16\"><label class=\"wpforms-field-label\" for=\"wpforms-1942-field_16\">Uwagi do zam\u00f3wienia<\/label><textarea id=\"wpforms-1942-field_16\" class=\"wpforms-field-large\" name=\"wpforms[fields][16]\" placeholder=\"dodatkowe pytania \/ dane do faktury\" ><\/textarea><\/div><\/div><!-- .wpforms-field-container --><div class=\"wpforms-submit-container\" ><input type=\"hidden\" name=\"wpforms[id]\" value=\"1942\"><input type=\"hidden\" name=\"page_title\" value=\"\"><input type=\"hidden\" name=\"page_url\" value=\"https:\/\/krainawetlina.pl\/pl\/wp-json\/wp\/v2\/pages\/2011\"><input type=\"hidden\" name=\"url_referer\" value=\"\"><button type=\"submit\" name=\"wpforms[submit]\" id=\"wpforms-submit-1942\" class=\"wpforms-submit\" aria-live=\"assertive\" value=\"wpforms-submit\">Zamawiam<\/button><\/div><\/form><\/div>  <!-- .wpforms-container --><\/p>\n\t<\/div>\n<\/div>\t\t<\/div>\n\t<\/div>\n<\/div><\/div>\n\n\t<\/div>\n\t<\/section><\/p>\n","protected":false},"excerpt":{"rendered":"<p>Voucher prezentowy Wyj\u0105tkowy prezent dla bliskiej Ci osoby Zr\u00f3b wspania\u0142y prezent i przeka\u017c voucher na pobyt w Krainie Wetlina w Bieszczadach! Naszym zdaniem najpi\u0119kniejsze prezenty to te, kt\u00f3re przek\u0142adaj\u0105 si\u0119 na wyj\u0105tkowe, niezapomniane i pi\u0119kne do\u015bwiadczenia. Szukasz nietypowego prezentu na urodziny, chcesz zaskoczy\u0107 prezentem \u015blubnym par\u0119 m\u0142od\u0105, a mo\u017ce szukasz wyj\u0105tkowego pomys\u0142u na prezent z [&hellip;]<\/p>\n","protected":false},"author":1,"featured_media":0,"parent":0,"menu_order":0,"comment_status":"closed","ping_status":"closed","template":"visual-builder-template.php","meta":{"_monsterinsights_skip_tracking":false,"_monsterinsights_sitenote_active":false,"_monsterinsights_sitenote_note":"","_monsterinsights_sitenote_category":0,"footnotes":""},"class_list":["post-2011","page","type-page","status-publish","hentry"],"yoast_head":"<!-- This site is optimized with the Yoast SEO plugin v26.9 - https:\/\/yoast.com\/product\/yoast-seo-wordpress\/ -->\n<title>VOUCHER PREZENTOWY - Kraina Wetlina<\/title>\n<meta name=\"description\" content=\"Voucher na pobyt z noclegiem. Bieszczady i Kraina Wetlina w prezencie! Spraw wyj\u0105tkow\u0105 niespodziank\u0119 i podaruj voucher na wyjazd w Bieszczady!\" \/>\n<meta name=\"robots\" content=\"index, nofollow, max-snippet:-1, max-image-preview:large, max-video-preview:-1\" \/>\n<link rel=\"canonical\" href=\"https:\/\/krainawetlina.pl\/pl\/voucher\/\" \/>\n<meta property=\"og:locale\" content=\"pl_PL\" \/>\n<meta property=\"og:type\" content=\"article\" \/>\n<meta property=\"og:title\" content=\"VOUCHER PREZENTOWY - Kraina Wetlina\" \/>\n<meta property=\"og:description\" content=\"Voucher na pobyt z noclegiem. Bieszczady i Kraina Wetlina w prezencie! Spraw wyj\u0105tkow\u0105 niespodziank\u0119 i podaruj voucher na wyjazd w Bieszczady!\" \/>\n<meta property=\"og:url\" content=\"https:\/\/krainawetlina.pl\/pl\/voucher\/\" \/>\n<meta property=\"og:site_name\" content=\"Kraina Wetlina\" \/>\n<meta property=\"article:publisher\" content=\"https:\/\/www.facebook.com\/krainawetlina\" \/>\n<meta property=\"article:modified_time\" content=\"2023-03-05T22:25:44+00:00\" \/>\n<meta property=\"og:image\" content=\"https:\/\/krainawetlina.pl\/wp-content\/uploads\/2020\/03\/Kraina-Wetlina-domki-i-apartamenty-w-Bieszczadach-275b.jpg\" \/>\n\t<meta property=\"og:image:width\" content=\"1350\" \/>\n\t<meta property=\"og:image:height\" content=\"935\" \/>\n\t<meta property=\"og:image:type\" content=\"image\/jpeg\" \/>\n<meta name=\"twitter:card\" content=\"summary_large_image\" \/>\n<meta name=\"twitter:label1\" content=\"Szacowany czas czytania\" \/>\n\t<meta name=\"twitter:data1\" content=\"1 minuta\" \/>\n<script type=\"application\/ld+json\" class=\"yoast-schema-graph\">{\"@context\":\"https:\/\/schema.org\",\"@graph\":[{\"@type\":\"WebPage\",\"@id\":\"https:\/\/krainawetlina.pl\/voucher\/\",\"url\":\"https:\/\/krainawetlina.pl\/voucher\/\",\"name\":\"VOUCHER PREZENTOWY - Kraina Wetlina\",\"isPartOf\":{\"@id\":\"https:\/\/krainawetlina.pl\/pl\/#website\"},\"datePublished\":\"2023-03-04T21:14:37+00:00\",\"dateModified\":\"2023-03-05T22:25:44+00:00\",\"description\":\"Voucher na pobyt z noclegiem. Bieszczady i Kraina Wetlina w prezencie! Spraw wyj\u0105tkow\u0105 niespodziank\u0119 i podaruj voucher na wyjazd w Bieszczady!\",\"breadcrumb\":{\"@id\":\"https:\/\/krainawetlina.pl\/voucher\/#breadcrumb\"},\"inLanguage\":\"pl-PL\",\"potentialAction\":[{\"@type\":\"ReadAction\",\"target\":[\"https:\/\/krainawetlina.pl\/voucher\/\"]}]},{\"@type\":\"BreadcrumbList\",\"@id\":\"https:\/\/krainawetlina.pl\/voucher\/#breadcrumb\",\"itemListElement\":[{\"@type\":\"ListItem\",\"position\":1,\"name\":\"Strona g\u0142\u00f3wna\",\"item\":\"https:\/\/krainawetlina.pl\/\"},{\"@type\":\"ListItem\",\"position\":2,\"name\":\"VOUCHER PREZENTOWY\"}]},{\"@type\":\"WebSite\",\"@id\":\"https:\/\/krainawetlina.pl\/pl\/#website\",\"url\":\"https:\/\/krainawetlina.pl\/pl\/\",\"name\":\"Kraina Wetlina\",\"description\":\"Apartamenty w Bieszczadach\",\"publisher\":{\"@id\":\"https:\/\/krainawetlina.pl\/pl\/#organization\"},\"potentialAction\":[{\"@type\":\"SearchAction\",\"target\":{\"@type\":\"EntryPoint\",\"urlTemplate\":\"https:\/\/krainawetlina.pl\/pl\/?s={search_term_string}\"},\"query-input\":{\"@type\":\"PropertyValueSpecification\",\"valueRequired\":true,\"valueName\":\"search_term_string\"}}],\"inLanguage\":\"pl-PL\"},{\"@type\":\"Organization\",\"@id\":\"https:\/\/krainawetlina.pl\/pl\/#organization\",\"name\":\"Kraina Wetlina\",\"url\":\"https:\/\/krainawetlina.pl\/pl\/\",\"logo\":{\"@type\":\"ImageObject\",\"inLanguage\":\"pl-PL\",\"@id\":\"https:\/\/krainawetlina.pl\/pl\/#\/schema\/logo\/image\/\",\"url\":\"https:\/\/krainawetlina.pl\/wp-content\/uploads\/2018\/06\/Kraina-Wetlina-logo2x2.png\",\"contentUrl\":\"https:\/\/krainawetlina.pl\/wp-content\/uploads\/2018\/06\/Kraina-Wetlina-logo2x2.png\",\"width\":1157,\"height\":1157,\"caption\":\"Kraina Wetlina\"},\"image\":{\"@id\":\"https:\/\/krainawetlina.pl\/pl\/#\/schema\/logo\/image\/\"},\"sameAs\":[\"https:\/\/www.facebook.com\/krainawetlina\",\"http:\/\/instagram.com\/krainawetlina\"]}]}<\/script>\n<!-- \/ Yoast SEO plugin. -->","yoast_head_json":{"title":"VOUCHER PREZENTOWY - Kraina Wetlina","description":"Voucher na pobyt z noclegiem. Bieszczady i Kraina Wetlina w prezencie! Spraw wyj\u0105tkow\u0105 niespodziank\u0119 i podaruj voucher na wyjazd w Bieszczady!","robots":{"index":"index","follow":"nofollow","max-snippet":"max-snippet:-1","max-image-preview":"max-image-preview:large","max-video-preview":"max-video-preview:-1"},"canonical":"https:\/\/krainawetlina.pl\/pl\/voucher\/","og_locale":"pl_PL","og_type":"article","og_title":"VOUCHER PREZENTOWY - Kraina Wetlina","og_description":"Voucher na pobyt z noclegiem. Bieszczady i Kraina Wetlina w prezencie! Spraw wyj\u0105tkow\u0105 niespodziank\u0119 i podaruj voucher na wyjazd w Bieszczady!","og_url":"https:\/\/krainawetlina.pl\/pl\/voucher\/","og_site_name":"Kraina Wetlina","article_publisher":"https:\/\/www.facebook.com\/krainawetlina","article_modified_time":"2023-03-05T22:25:44+00:00","og_image":[{"width":1350,"height":935,"url":"https:\/\/krainawetlina.pl\/wp-content\/uploads\/2020\/03\/Kraina-Wetlina-domki-i-apartamenty-w-Bieszczadach-275b.jpg","type":"image\/jpeg"}],"twitter_card":"summary_large_image","twitter_misc":{"Szacowany czas czytania":"1 minuta"},"schema":{"@context":"https:\/\/schema.org","@graph":[{"@type":"WebPage","@id":"https:\/\/krainawetlina.pl\/voucher\/","url":"https:\/\/krainawetlina.pl\/voucher\/","name":"VOUCHER PREZENTOWY - Kraina Wetlina","isPartOf":{"@id":"https:\/\/krainawetlina.pl\/pl\/#website"},"datePublished":"2023-03-04T21:14:37+00:00","dateModified":"2023-03-05T22:25:44+00:00","description":"Voucher na pobyt z noclegiem. Bieszczady i Kraina Wetlina w prezencie! Spraw wyj\u0105tkow\u0105 niespodziank\u0119 i podaruj voucher na wyjazd w Bieszczady!","breadcrumb":{"@id":"https:\/\/krainawetlina.pl\/voucher\/#breadcrumb"},"inLanguage":"pl-PL","potentialAction":[{"@type":"ReadAction","target":["https:\/\/krainawetlina.pl\/voucher\/"]}]},{"@type":"BreadcrumbList","@id":"https:\/\/krainawetlina.pl\/voucher\/#breadcrumb","itemListElement":[{"@type":"ListItem","position":1,"name":"Strona g\u0142\u00f3wna","item":"https:\/\/krainawetlina.pl\/"},{"@type":"ListItem","position":2,"name":"VOUCHER PREZENTOWY"}]},{"@type":"WebSite","@id":"https:\/\/krainawetlina.pl\/pl\/#website","url":"https:\/\/krainawetlina.pl\/pl\/","name":"Kraina Wetlina","description":"Apartamenty w Bieszczadach","publisher":{"@id":"https:\/\/krainawetlina.pl\/pl\/#organization"},"potentialAction":[{"@type":"SearchAction","target":{"@type":"EntryPoint","urlTemplate":"https:\/\/krainawetlina.pl\/pl\/?s={search_term_string}"},"query-input":{"@type":"PropertyValueSpecification","valueRequired":true,"valueName":"search_term_string"}}],"inLanguage":"pl-PL"},{"@type":"Organization","@id":"https:\/\/krainawetlina.pl\/pl\/#organization","name":"Kraina Wetlina","url":"https:\/\/krainawetlina.pl\/pl\/","logo":{"@type":"ImageObject","inLanguage":"pl-PL","@id":"https:\/\/krainawetlina.pl\/pl\/#\/schema\/logo\/image\/","url":"https:\/\/krainawetlina.pl\/wp-content\/uploads\/2018\/06\/Kraina-Wetlina-logo2x2.png","contentUrl":"https:\/\/krainawetlina.pl\/wp-content\/uploads\/2018\/06\/Kraina-Wetlina-logo2x2.png","width":1157,"height":1157,"caption":"Kraina Wetlina"},"image":{"@id":"https:\/\/krainawetlina.pl\/pl\/#\/schema\/logo\/image\/"},"sameAs":["https:\/\/www.facebook.com\/krainawetlina","http:\/\/instagram.com\/krainawetlina"]}]}},"brizy_media":[],"_links":{"self":[{"href":"https:\/\/krainawetlina.pl\/pl\/wp-json\/wp\/v2\/pages\/2011","targetHints":{"allow":["GET"]}}],"collection":[{"href":"https:\/\/krainawetlina.pl\/pl\/wp-json\/wp\/v2\/pages"}],"about":[{"href":"https:\/\/krainawetlina.pl\/pl\/wp-json\/wp\/v2\/types\/page"}],"author":[{"embeddable":true,"href":"https:\/\/krainawetlina.pl\/pl\/wp-json\/wp\/v2\/users\/1"}],"replies":[{"embeddable":true,"href":"https:\/\/krainawetlina.pl\/pl\/wp-json\/wp\/v2\/comments?post=2011"}],"version-history":[{"count":0,"href":"https:\/\/krainawetlina.pl\/pl\/wp-json\/wp\/v2\/pages\/2011\/revisions"}],"wp:attachment":[{"href":"https:\/\/krainawetlina.pl\/pl\/wp-json\/wp\/v2\/media?parent=2011"}],"curies":[{"name":"wp","href":"https:\/\/api.w.org\/{rel}","templated":true}]}}